{"id":2,"date":"2026-02-06T07:54:40","date_gmt":"2026-02-06T07:54:40","guid":{"rendered":"https:\/\/poltsamaal.ee\/kultuurikeskus\/?page_id=2"},"modified":"2026-04-06T23:43:12","modified_gmt":"2026-04-06T23:43:12","slug":"demoleht","status":"publish","type":"page","link":"https:\/\/poltsamaal.ee\/kultuurikeskus\/","title":{"rendered":"Avaleht"},"content":{"rendered":"\r\n<p>See on n\u00e4idisleht. Postitustelehest erineb see sellepoolest, et seisab paigal ja seda n\u00e4idatakse lehe peamen\u00fc\u00fcs (enamiku teemade korral). Enamik inimesi alustab tutvustuslehega, n\u00e4iteks nii:<\/p>\r\n\r\n\r\n\r\n<blockquote class=\"wp-block-quote is-layout-flow wp-block-quote-is-layout-flow\">\r\n<p>Ahoi! Ma olen p\u00e4eval jalgrattakuller ja \u00f5htuti algaja n\u00e4itleja, see on minu veebileht. Ma elan Los Angelesis, mul on vahva koer nimega Jack ning ma armastan pi\u00f1a coladat. (Ja vihma k\u00e4tte j\u00e4\u00e4mist ka.)<\/p>\r\n<\/blockquote>\r\n\r\n\r\n\r\n<p>&#8230; v\u00f5i siis midagi sellist:<\/p>\r\n\r\n\r\n\r\n<blockquote class=\"wp-block-quote is-layout-flow wp-block-quote-is-layout-flow\">\r\n<p>Tilulilufirma XYZ asutati 1971. aastal ning on sealt alates tootnud rahvale kvaliteetset tilulilu. XYZ asub Gothami linnas, annab t\u00f6\u00f6d \u00fcle 2000 inimesele ja teeb Gothami elanikele igasuguseid muid \u00e4gedaid asju.<\/p>\r\n<\/blockquote>\r\n\r\n\r\n\r\n<p>Uue WordPressi kasutajana peaksid minema <a href=\"https:\/\/poltsamaal.ee\/kultuurikeskus\/wp-admin\/\">enda t\u00f6\u00f6lauale<\/a>, kustutama selle lehe ja looma omaenese veebisisu. J\u00f5udu!<\/p>\r\n","protected":false},"excerpt":{"rendered":"<p>See on n\u00e4idisleht. Postitustelehest erineb see sellepoolest, et seisab paigal ja seda n\u00e4idatakse lehe peamen\u00fc\u00fcs (enamiku teemade korral). Enamik inimesi alustab tutvustuslehega, n\u00e4iteks nii: Ahoi! Ma olen p\u00e4eval jalgrattakuller ja \u00f5htuti algaja n\u00e4itleja, see on minu veebileht. Ma elan Los Angelesis, mul on vahva koer nimega Jack ning ma armastan pi\u00f1a coladat. (Ja vihma k\u00e4tte [&hellip;]<\/p>\n","protected":false},"author":1,"featured_media":0,"parent":0,"menu_order":0,"comment_status":"closed","ping_status":"open","template":"","meta":{"_acf_changed":false,"footnotes":""},"class_list":["post-2","page","type-page","status-publish","hentry"],"acf":[],"_links":{"self":[{"href":"https:\/\/poltsamaal.ee\/kultuurikeskus\/wp-json\/wp\/v2\/pages\/2","targetHints":{"allow":["GET"]}}],"collection":[{"href":"https:\/\/poltsamaal.ee\/kultuurikeskus\/wp-json\/wp\/v2\/pages"}],"about":[{"href":"https:\/\/poltsamaal.ee\/kultuurikeskus\/wp-json\/wp\/v2\/types\/page"}],"author":[{"embeddable":true,"href":"https:\/\/poltsamaal.ee\/kultuurikeskus\/wp-json\/wp\/v2\/users\/1"}],"replies":[{"embeddable":true,"href":"https:\/\/poltsamaal.ee\/kultuurikeskus\/wp-json\/wp\/v2\/comments?post=2"}],"version-history":[{"count":1,"href":"https:\/\/poltsamaal.ee\/kultuurikeskus\/wp-json\/wp\/v2\/pages\/2\/revisions"}],"predecessor-version":[{"id":34,"href":"https:\/\/poltsamaal.ee\/kultuurikeskus\/wp-json\/wp\/v2\/pages\/2\/revisions\/34"}],"wp:attachment":[{"href":"https:\/\/poltsamaal.ee\/kultuurikeskus\/wp-json\/wp\/v2\/media?parent=2"}],"curies":[{"name":"wp","href":"https:\/\/api.w.org\/{rel}","templated":true}]}}