{"id":18,"date":"2026-03-23T12:00:11","date_gmt":"2026-03-23T12:00:11","guid":{"rendered":"https:\/\/poltsamaal.ee\/noortekeskus\/?page_id=18"},"modified":"2026-04-07T11:46:24","modified_gmt":"2026-04-07T11:46:24","slug":"sundmused","status":"publish","type":"page","link":"https:\/\/poltsamaal.ee\/noortekeskus\/sundmused\/","title":{"rendered":"S\u00fcndmused"},"content":{"rendered":"\t<div id=\"calendar-wrapper\">\n                <!-- MODIFIED: Wrapped the buttons in <div> tags. This prevents WordPress from automatically injecting <p> tags around them -->\n        <div class=\"calendar-header\" style=\"display:grid; grid-template-columns: 1fr auto 1fr; align-items:center; margin-bottom:30px; gap:10px;\">\n            <div>\n                <a href=\"?c_m=3&c_y=2026#calendar-wrapper\" style=\"display:inline-block; text-decoration:none; background:#f0f0f0; padding:10px 15px; border-radius:10px; color:#111; font-weight:bold; white-space:nowrap; font-size:14px;\">&laquo; Eelmine<\/a>\n            <\/div>\n            \n            <h2 style=\"margin:0; text-align:center; font-size:clamp(18px, 4vw, 32px); font-weight:800; line-height:1.2;\">\n                Aprill 2026            <\/h2>\n            \n\t\t<div style=\"text-align:right;\">\n                <a href=\"?c_m=5&c_y=2026#calendar-wrapper\" style=\"display:inline-block; text-decoration:none; background:#f0f0f0; padding:10px 15px; border-radius:10px; color:#111; font-weight:bold; white-space:nowrap; font-size:14px;\">J\u00e4rgmine &raquo;<\/a>\n            <\/div>\n        <\/div>\n        \n\t\t<!-- MODIFIED: Wrap the legend in an IF statement so it ONLY shows on the main site -->\n        \n        <div class=\"calendar-days-grid\">\n            <div class='day-name'>E<\/div><div class='day-name'>T<\/div><div class='day-name'>K<\/div><div class='day-name'>N<\/div><div class='day-name'>R<\/div><div class='day-name'>L<\/div><div class='day-name'>P<\/div>            <div class=\"calendar-day empty\"><\/div><div class=\"calendar-day empty\"><\/div><div class=\"calendar-day \" onclick=\"showCalendarDay('20260401', this)\"><span class=\"day-number\">1<\/span><div class=\"dots-container\"><\/div><\/div><div class=\"calendar-day \" onclick=\"showCalendarDay('20260402', this)\"><span class=\"day-number\">2<\/span><div class=\"dots-container\"><\/div><\/div><div class=\"calendar-day \" onclick=\"showCalendarDay('20260403', this)\"><span class=\"day-number\">3<\/span><div class=\"dots-container\"><\/div><\/div><div class=\"calendar-day \" onclick=\"showCalendarDay('20260404', this)\"><span class=\"day-number\">4<\/span><div class=\"dots-container\"><\/div><\/div><div class=\"calendar-day \" onclick=\"showCalendarDay('20260405', this)\"><span class=\"day-number\">5<\/span><div class=\"dots-container\"><\/div><\/div><div class=\"calendar-day \" onclick=\"showCalendarDay('20260406', this)\"><span class=\"day-number\">6<\/span><div class=\"dots-container\"><\/div><\/div><div class=\"calendar-day is-today\" onclick=\"showCalendarDay('20260407', this)\"><span class=\"day-number\">7<\/span><div class=\"dots-container\"><\/div><\/div><div class=\"calendar-day \" onclick=\"showCalendarDay('20260408', this)\"><span class=\"day-number\">8<\/span><div class=\"dots-container\"><\/div><\/div><div class=\"calendar-day \" onclick=\"showCalendarDay('20260409', this)\"><span class=\"day-number\">9<\/span><div class=\"dots-container\"><\/div><\/div><div class=\"calendar-day \" onclick=\"showCalendarDay('20260410', this)\"><span class=\"day-number\">10<\/span><div class=\"dots-container\"><span class=\"event-dot\" style=\"background:#F4A261\"><\/span><\/div><\/div><div class=\"calendar-day \" onclick=\"showCalendarDay('20260411', this)\"><span class=\"day-number\">11<\/span><div class=\"dots-container\"><span class=\"event-dot\" style=\"background:#F4A261\"><\/span><\/div><\/div><div class=\"calendar-day \" onclick=\"showCalendarDay('20260412', this)\"><span class=\"day-number\">12<\/span><div class=\"dots-container\"><\/div><\/div><div class=\"calendar-day \" onclick=\"showCalendarDay('20260413', this)\"><span class=\"day-number\">13<\/span><div class=\"dots-container\"><\/div><\/div><div class=\"calendar-day \" onclick=\"showCalendarDay('20260414', this)\"><span class=\"day-number\">14<\/span><div class=\"dots-container\"><\/div><\/div><div class=\"calendar-day \" onclick=\"showCalendarDay('20260415', this)\"><span class=\"day-number\">15<\/span><div class=\"dots-container\"><\/div><\/div><div class=\"calendar-day \" onclick=\"showCalendarDay('20260416', this)\"><span class=\"day-number\">16<\/span><div class=\"dots-container\"><\/div><\/div><div class=\"calendar-day \" onclick=\"showCalendarDay('20260417', this)\"><span class=\"day-number\">17<\/span><div class=\"dots-container\"><\/div><\/div><div class=\"calendar-day \" onclick=\"showCalendarDay('20260418', this)\"><span class=\"day-number\">18<\/span><div class=\"dots-container\"><\/div><\/div><div class=\"calendar-day \" onclick=\"showCalendarDay('20260419', this)\"><span class=\"day-number\">19<\/span><div class=\"dots-container\"><\/div><\/div><div class=\"calendar-day \" onclick=\"showCalendarDay('20260420', this)\"><span class=\"day-number\">20<\/span><div class=\"dots-container\"><\/div><\/div><div class=\"calendar-day \" onclick=\"showCalendarDay('20260421', this)\"><span class=\"day-number\">21<\/span><div class=\"dots-container\"><\/div><\/div><div class=\"calendar-day \" onclick=\"showCalendarDay('20260422', this)\"><span class=\"day-number\">22<\/span><div class=\"dots-container\"><\/div><\/div><div class=\"calendar-day \" onclick=\"showCalendarDay('20260423', this)\"><span class=\"day-number\">23<\/span><div class=\"dots-container\"><\/div><\/div><div class=\"calendar-day \" onclick=\"showCalendarDay('20260424', this)\"><span class=\"day-number\">24<\/span><div class=\"dots-container\"><\/div><\/div><div class=\"calendar-day \" onclick=\"showCalendarDay('20260425', this)\"><span class=\"day-number\">25<\/span><div class=\"dots-container\"><\/div><\/div><div class=\"calendar-day \" onclick=\"showCalendarDay('20260426', this)\"><span class=\"day-number\">26<\/span><div class=\"dots-container\"><\/div><\/div><div class=\"calendar-day \" onclick=\"showCalendarDay('20260427', this)\"><span class=\"day-number\">27<\/span><div class=\"dots-container\"><\/div><\/div><div class=\"calendar-day \" onclick=\"showCalendarDay('20260428', this)\"><span class=\"day-number\">28<\/span><div class=\"dots-container\"><\/div><\/div><div class=\"calendar-day \" onclick=\"showCalendarDay('20260429', this)\"><span class=\"day-number\">29<\/span><div class=\"dots-container\"><\/div><\/div><div class=\"calendar-day \" onclick=\"showCalendarDay('20260430', this)\"><span class=\"day-number\">30<\/span><div class=\"dots-container\"><\/div><\/div>        <\/div>\n        <div class=\"day-details\"><p class=\"placeholder\">Vajuta kuup\u00e4evale, et n\u00e4ha s\u00fcndmusi.<\/p><\/div>\n    <\/div>\n    <script>window.calendarEvents = {\"20260410\":[{\"pealkiri\":\"noortekeskus\",\"tutvustus\":\"noortekeskus\",\"kell\":\"Kogu p\\u00e4ev\",\"link\":\"https:\\\/\\\/poltsamaal.ee\\\/noortekeskus\\\/yritus\\\/noortekeskus\\\/\",\"asutus\":\"Noortekeskus\",\"color\":\"#F4A261\",\"pilt\":false}],\"20260411\":[{\"pealkiri\":\"noortekeskus\",\"tutvustus\":\"noortekeskus\",\"kell\":\"Kogu p\\u00e4ev\",\"link\":\"https:\\\/\\\/poltsamaal.ee\\\/noortekeskus\\\/yritus\\\/noortekeskus\\\/\",\"asutus\":\"Noortekeskus\",\"color\":\"#F4A261\",\"pilt\":false}]};<\/script>\n    \n","protected":false},"excerpt":{"rendered":"","protected":false},"author":4,"featured_media":0,"parent":0,"menu_order":0,"comment_status":"closed","ping_status":"closed","template":"","meta":{"_acf_changed":false,"footnotes":""},"class_list":["post-18","page","type-page","status-publish","hentry"],"acf":[],"_links":{"self":[{"href":"https:\/\/poltsamaal.ee\/noortekeskus\/wp-json\/wp\/v2\/pages\/18","targetHints":{"allow":["GET"]}}],"collection":[{"href":"https:\/\/poltsamaal.ee\/noortekeskus\/wp-json\/wp\/v2\/pages"}],"about":[{"href":"https:\/\/poltsamaal.ee\/noortekeskus\/wp-json\/wp\/v2\/types\/page"}],"author":[{"embeddable":true,"href":"https:\/\/poltsamaal.ee\/noortekeskus\/wp-json\/wp\/v2\/users\/4"}],"replies":[{"embeddable":true,"href":"https:\/\/poltsamaal.ee\/noortekeskus\/wp-json\/wp\/v2\/comments?post=18"}],"version-history":[{"count":2,"href":"https:\/\/poltsamaal.ee\/noortekeskus\/wp-json\/wp\/v2\/pages\/18\/revisions"}],"predecessor-version":[{"id":28,"href":"https:\/\/poltsamaal.ee\/noortekeskus\/wp-json\/wp\/v2\/pages\/18\/revisions\/28"}],"wp:attachment":[{"href":"https:\/\/poltsamaal.ee\/noortekeskus\/wp-json\/wp\/v2\/media?parent=18"}],"curies":[{"name":"wp","href":"https:\/\/api.w.org\/{rel}","templated":true}]}}