{"id":11,"date":"2026-02-06T11:27:29","date_gmt":"2026-02-06T11:27:29","guid":{"rendered":"https:\/\/poltsamaal.ee\/raamatukogu\/?page_id=11"},"modified":"2026-02-06T12:47:01","modified_gmt":"2026-02-06T12:47:01","slug":"haruraamatukogud","status":"publish","type":"page","link":"https:\/\/poltsamaal.ee\/raamatukogu\/haruraamatukogud\/","title":{"rendered":"Haruraamatukogud"},"content":{"rendered":"<header class=\"portlet-topper\">\n<h2 class=\"portlet-title\" style=\"text-align: left;\"><span class=\"portlet-title-text\">P\u00f5ltsamaa Raamatukogu haruraamatukogud ja v\u00e4listeeninduspunktid<\/span><\/h2>\n<menu id=\"portlet-topper-toolbar_56_INSTANCE_gS4INTmu1ATJ\" class=\"portlet-topper-toolbar\" type=\"toolbar\"><\/menu>\n<\/header>\n<div class=\"portlet-content\">\n<div class=\" portlet-content-container\">\n<div class=\"portlet-body\">\n<div class=\"journal-content-article\">\n<table border=\"1\" cellspacing=\"1\" cellpadding=\"1\">\n<tbody>\n<tr>\n<td>Haruraamatukogud:<\/td>\n<td><\/td>\n<td><\/td>\n<\/tr>\n<tr>\n<td><a href=\"https:\/\/adavereraamat.blogspot.com\/?fbclid=IwY2xjawFCS6hleHRuA2FlbQIxMAABHe5oF9D2_QC3NCA2sJFMnq6CBRG4Ls-ySAuomkr1OJuCqO4eJ4Yk79UiYA_aem_JsO7Pv3d9IOsPoxX2bGIkA\"><u><strong>Adavere raamatukogu<\/strong><\/u><\/a><u><a href=\"http:\/\/adavererk.blogspot.com\/\" target=\"_blank\" rel=\"noopener\"><strong>\u00a0<\/strong><\/a><\/u> \u00a0\u00a0<u><strong><a href=\"https:\/\/adavererk.blogspot.com\/\">vana blogi<\/a><\/strong><\/u><\/p>\n<p>Kooli tn 1, Adavere, P\u00f5ltsamaa vald, J\u00f5gevamaa<\/p>\n<p>Avatud:<br \/>\nT: 10.00-17.00;<br \/>\nN:\u00a010.00-18.00;<br \/>\nP: 11.00-16.00.<br \/>\nSuletud: E, K, R, L ja riiklikel p\u00fchadel<\/p>\n<p>Raamatukoguhoidja Signe Saarpuu<\/p>\n<p>tel: 7769238<br \/>\ne-post: signe.saarpuu@poltsamaark.ee<\/p>\n<p><u><a href=\"https:\/\/www.poltsamaark.ee\/haruraamatukogud1?p_p_auth=pwTRj3mJ&amp;p_p_id=101&amp;p_p_lifecycle=0&amp;p_p_state=maximized&amp;p_p_col_id=column-1&amp;p_p_col_count=1&amp;_101_struts_action=%2Fasset_publisher%2Fview_content&amp;_101_assetEntryId=23975908&amp;_101_type=content&amp;_101_urlTitle=adavere-raamatukogu-statistika&amp;redirect=%2Fharuraamatukogud1%3Fp_p_auth%3DpwTRj3mJ%26p_p_id%3D101%26p_p_lifecycle%3D0%26p_p_state%3Dnormal%26p_p_state_rcv%3D1%26_101_assetEntryId%3D23975908%26_101_urlTitle%3Dadavere-raamatukogu-statistika%26_101_type%3Dcontent%26_101_struts_action%3D%252Fasset_publisher%252Fview_content\">Statistika<\/a><\/u><\/p>\n<p><a href=\"https:\/\/www.poltsamaark.ee\/documents\/23138993\/23326958\/Raamatukoguteenused+Adaveres+%E2%80%93%20koopia+%281%29.pdf\/23b04f88-05dd-4153-8f19-1fe1da2997e1\"><u>Raamatukoguteenused<\/u><\/a><\/p>\n<p>&nbsp;<\/p>\n<p>Juurdep\u00e4\u00e4s liikumispuudega inimestele puudub<\/p>\n<p>&nbsp;<\/p>\n<p>&nbsp;<\/td>\n<td><u><a href=\"http:\/\/aiduraamatukogu.blogspot.com.ee\/\" target=\"_blank\" rel=\"noopener\"><strong>Aidu raamatukogu<\/strong><\/a><\/u><\/p>\n<p>Kooli tee 7, V\u00e4gari k\u00fcla, P\u00f5ltsamaa vald, J\u00f5gevamaa<\/p>\n<div>\n<p>Avatud:<br \/>\nE, T, N: 10.00-18.00<br \/>\nSuletud: K, R, L, P ja riiklikel p\u00fchadel<\/p>\n<p>Raamatukoguhoidja Marje Pagi<\/p>\n<p>tel: +372 5350 6125<br \/>\ne-post: Marje.Pagi@poltsamaark.ee<\/p>\n<p><u><a href=\"https:\/\/www.poltsamaark.ee\/haruraamatukogud1?p_p_auth=pwTRj3mJ&amp;p_p_id=101&amp;p_p_lifecycle=0&amp;p_p_state=maximized&amp;p_p_col_id=column-1&amp;p_p_col_count=1&amp;_101_struts_action=%2Fasset_publisher%2Fview_content&amp;_101_assetEntryId=23984320&amp;_101_type=content&amp;_101_urlTitle=aidu-raamatukogu-statistika&amp;redirect=%2Fharuraamatukogud1%3Fp_p_auth%3DpwTRj3mJ%26p_p_id%3D101%26p_p_lifecycle%3D0%26p_p_state%3Dnormal%26p_p_state_rcv%3D1%26_101_assetEntryId%3D23984320%26_101_urlTitle%3Daidu-raamatukogu-statistika%26_101_type%3Dcontent%26_101_struts_action%3D%252Fasset_publisher%252Fview_content\">Statistika<\/a><\/u><\/p>\n<p><u><a href=\"https:\/\/poltsamaa-my.sharepoint.com\/:w:\/g\/personal\/marje_pagi_poltsamaark_ee\/EVKcFQLWBBpFmDYLMDJvcL0BaXS6vol2YF3Z-6BiZqZLpw?rtime=CxRg-h0810g\">Raamatukoguteenused<\/a><\/u><\/p>\n<p>&nbsp;<\/p>\n<p>Juurdep\u00e4\u00e4s puudega inimestele olemas<\/p>\n<p>&nbsp;<\/p>\n<p>&nbsp;<\/p>\n<p>&nbsp;<\/p>\n<\/div>\n<div><\/div>\n<\/td>\n<td><u><a href=\"http:\/\/puurmaniraamatukogu.weebly.com\/\" target=\"_blank\" rel=\"noopener\"><strong>Puurmani raamatukogu<\/strong><\/a><\/u><\/p>\n<div>\n<p>\u00dclej\u00f5e 4, Puurmani alevik, P\u00f5ltsamaa vald, J\u00f5gevamaa<\/p>\n<p>Avatud:<br \/>\nE, T, K, N: 8.30-12.30; 13.00-17.00<\/p>\n<p>R: 8.30-14.30<\/p>\n<p>Suletud: L, P, riiklikel p\u00fchadel;<\/p>\n<p>Raamatukoguhoidja\u00a0Katrin Aavik<\/p>\n<p>tel: +372 5787 0015<\/p>\n<p>e-post:\u00a0Katrin.Aavik@poltsamaark.ee<\/p>\n<p><u><a href=\"https:\/\/www.poltsamaark.ee\/haruraamatukogud1?p_p_auth=pwTRj3mJ&amp;p_p_id=101&amp;p_p_lifecycle=0&amp;p_p_state=maximized&amp;p_p_col_id=column-1&amp;p_p_col_count=1&amp;_101_struts_action=%2Fasset_publisher%2Fview_content&amp;_101_assetEntryId=23983975&amp;_101_type=content&amp;_101_urlTitle=puurmani-raamatukogu-statistika&amp;redirect=%2Fharuraamatukogud1%3Fp_p_auth%3DpwTRj3mJ%26p_p_id%3D101%26p_p_lifecycle%3D0%26p_p_state%3Dnormal%26p_p_state_rcv%3D1%26_101_assetEntryId%3D23983975%26_101_urlTitle%3Dpuurmani-raamatukogu-statistika%26_101_type%3Dcontent%26_101_struts_action%3D%252Fasset_publisher%252Fview_content\">Statistika<\/a><\/u><\/p>\n<p><u><a href=\"http:\/\/puurmaniraamatukogu.weebly.com\/teenused.html\" target=\"_blank\" rel=\"noopener\">Raamatukoguteenused<\/a><\/u><\/p>\n<p>Juurdep\u00e4\u00e4s puudega inimestele olemas<\/p>\n<\/div>\n<\/td>\n<\/tr>\n<tr>\n<td>V\u00e4listeeninduspunktid:<\/td>\n<td><\/td>\n<td><\/td>\n<\/tr>\n<tr>\n<td style=\"text-align: left;\"><u><a href=\"http:\/\/lustivererk.blogspot.com\/\" target=\"_blank\" rel=\"noopener\"><strong>Lustivere raamatukogu<\/strong><\/a>\u00a0 \u00a0<\/u><\/p>\n<p>Kooli tee 6, Lustivere k\u00fcla, P\u00f5ltsamaa vald, J\u00f5gevamaa<\/p>\n<p>Avatud:<br \/>\nE, K: 10.00-18.00<\/p>\n<p>Suletud: T, N, R, L, P ja riiklikel p\u00fchadel<\/p>\n<p>Raamatukoguhoidja\u00a0Signe Saarpuu<\/p>\n<p>e-post: signe.saarpuu@poltsamaark.ee<\/p>\n<p><u><a href=\"https:\/\/www.poltsamaark.ee\/haruraamatukogud1?p_p_auth=pwTRj3mJ&amp;p_p_id=101&amp;p_p_lifecycle=0&amp;p_p_state=maximized&amp;p_p_col_id=column-1&amp;p_p_col_count=1&amp;_101_struts_action=%2Fasset_publisher%2Fview_content&amp;_101_assetEntryId=23983692&amp;_101_type=content&amp;_101_urlTitle=lusyivere-raamatukogu-statistika&amp;redirect=%2Fharuraamatukogud1%3Fp_p_id%3D101%26p_p_lifecycle%3D0%26p_p_state%3Dnormal%26p_p_state_rcv%3D1%26_101_assetEntryId%3D23983692%26_101_urlTitle%3Dlusyivere-raamatukogu-statistika%26_101_type%3Dcontent%26_101_struts_action%3D%252Fasset_publisher%252Fview_content\">Statistika<\/a><\/u><\/p>\n<p>&nbsp;<\/p>\n<p>Juurdep\u00e4\u00e4s puudega inimesele v\u00f5imalik osaliselt<\/p>\n<p>&nbsp;<\/td>\n<td style=\"text-align: left;\"><u><a href=\"http:\/\/pajusiraamat.blogspot.com\/\" target=\"_blank\" rel=\"noopener\"><strong>Pajusi raamatukogu\u00a0<\/strong><\/a>\u00a0 \u00a0<\/u><\/p>\n<p>Pisisaare Spordikeskus, Pisisaare k\u00fcla,<br \/>\nP\u00f5ltsamaa vald, J\u00f5gevamaa<\/p>\n<p>Avatud:<\/p>\n<p><u><a href=\"https:\/\/et-ee.facebook.com\/pages\/category\/Sports---Recreation\/Pisisaare-Spordikeskus-775487039246299\/\" target=\"_blank\" rel=\"noopener\">spordikeskuse lahtiolekuaegadel<\/a>:<\/u><\/p>\n<div dir=\"auto\">E,T,K,N,R 10.00-21.00<\/div>\n<div dir=\"auto\">P 11.00-21.00<\/div>\n<p>Raamatukoguhoidja Sirje Nurka<br \/>\ntel: +372\u00a05336 3163<br \/>\ne-post: Sirje.Nurka@poltsamaark.ee<\/p>\n<p><u><a href=\"https:\/\/www.poltsamaark.ee\/haruraamatukogud1?p_p_auth=pwTRj3mJ&amp;p_p_id=101&amp;p_p_lifecycle=0&amp;p_p_state=maximized&amp;p_p_col_id=column-1&amp;p_p_col_count=1&amp;_101_struts_action=%2Fasset_publisher%2Fview_content&amp;_101_assetEntryId=23984525&amp;_101_type=content&amp;_101_urlTitle=pajusi-raamatukogu-statistika&amp;redirect=%2Fharuraamatukogud1%3Fp_p_auth%3DpwTRj3mJ%26p_p_id%3D101%26p_p_lifecycle%3D0%26p_p_state%3Dnormal%26p_p_state_rcv%3D1%26_101_assetEntryId%3D23984525%26_101_urlTitle%3Dpajusi-raamatukogu-statistika%26_101_type%3Dcontent%26_101_struts_action%3D%252Fasset_publisher%252Fview_content\">Statistika<\/a><\/u><\/p>\n<p><u><a href=\"https:\/\/docs.google.com\/document\/d\/15FaSriej6sYKrVyPmsNl2r4S5WoTdDPfc37BXuD7whA\/edit\" target=\"_blank\" rel=\"noopener\">Raamatukoguteenused<\/a><\/u><\/p>\n<p>Juurdep\u00e4\u00e4s puudega inimestele olemas<\/td>\n<td>\n<p style=\"text-align: left;\"><u><a href=\"http:\/\/tapikuraamatukogu.blogspot.com\/\" target=\"_blank\" rel=\"noopener\"><strong>Tapiku raamatukogu\u00a0<\/strong><\/a><\/u><\/p>\n<p style=\"text-align: left;\">Tapiku k\u00fcla, P\u00f5ltsamaa vald, J\u00f5gevamaa<\/p>\n<p style=\"text-align: left;\">Avatud:<\/p>\n<p style=\"text-align: left;\">T, K, N: 10.00-14.00<br \/>\nP: 10.00-13.00<br \/>\nSuletud: E, R, L ja riiklikel p\u00fchadel<\/p>\n<p style=\"text-align: left;\">Raamatukoguhoidja Hiie Nugis<\/p>\n<p style=\"text-align: left;\">tel: +372 5787 8898<\/p>\n<p style=\"text-align: left;\">e-post: Hiie.Nugis@poltsamaark.ee<\/p>\n<p style=\"text-align: left;\"><u><a href=\"https:\/\/www.poltsamaark.ee\/haruraamatukogud1?p_p_auth=9zu9vjqE&amp;p_p_id=101&amp;p_p_lifecycle=0&amp;p_p_state=maximized&amp;p_p_col_id=column-1&amp;p_p_col_count=1&amp;_101_struts_action=%2Fasset_publisher%2Fview_content&amp;_101_assetEntryId=27931299&amp;_101_type=content&amp;_101_urlTitle=tapiku-teeninduspunkti-statistika&amp;redirect=%2Fharuraamatukogud1%3Fp_p_auth%3D9zu9vjqE%26p_p_id%3D101%26p_p_lifecycle%3D0%26p_p_state%3Dnormal%26p_p_state_rcv%3D1%26_101_assetEntryId%3D27931299%26_101_urlTitle%3Dtapiku-teeninduspunkti-statistika%26_101_type%3Dcontent%26_101_struts_action%3D%252Fasset_publisher%252Fview_content\">Statistika<\/a><\/u><\/p>\n<p style=\"text-align: left;\"><u><a href=\"https:\/\/docs.google.com\/document\/d\/1T8H1YYRktgPMde3jG2DYhebwdV77K6Vs529e9V6Nii0\/edit\" target=\"_blank\" rel=\"noopener\">Raamatukoguteenused<\/a><\/u><\/p>\n<p style=\"text-align: left;\">Juurdep\u00e4\u00e4s puudega inimesele v\u00f5imalik osaliselt<\/p>\n<\/td>\n<\/tr>\n<\/tbody>\n<\/table>\n<\/div>\n<\/div>\n<\/div>\n<\/div>\n","protected":false},"excerpt":{"rendered":"<p>P\u00f5ltsamaa Raamatukogu haruraamatukogud ja v\u00e4listeeninduspunktid Haruraamatukogud: Adavere raamatukogu\u00a0 \u00a0\u00a0vana blogi Kooli tn 1, Adavere, P\u00f5ltsamaa vald, J\u00f5gevamaa Avatud: T: 10.00-17.00; N:\u00a010.00-18.00; P: 11.00-16.00. Suletud: E, K, R, L ja riiklikel p\u00fchadel Raamatukoguhoidja Signe Saarpuu tel: 7769238 e-post: signe.saarpuu@poltsamaark.ee Statistika Raamatukoguteenused &nbsp; Juurdep\u00e4\u00e4s liikumispuudega inimestele puudub &nbsp; &nbsp; Aidu raamatukogu Kooli tee 7, V\u00e4gari k\u00fcla, P\u00f5ltsamaa [&hellip;]<\/p>\n","protected":false},"author":1,"featured_media":0,"parent":0,"menu_order":0,"comment_status":"closed","ping_status":"closed","template":"","meta":{"_acf_changed":false,"footnotes":""},"class_list":["post-11","page","type-page","status-publish","hentry"],"acf":[],"_links":{"self":[{"href":"https:\/\/poltsamaal.ee\/raamatukogu\/wp-json\/wp\/v2\/pages\/11","targetHints":{"allow":["GET"]}}],"collection":[{"href":"https:\/\/poltsamaal.ee\/raamatukogu\/wp-json\/wp\/v2\/pages"}],"about":[{"href":"https:\/\/poltsamaal.ee\/raamatukogu\/wp-json\/wp\/v2\/types\/page"}],"author":[{"embeddable":true,"href":"https:\/\/poltsamaal.ee\/raamatukogu\/wp-json\/wp\/v2\/users\/1"}],"replies":[{"embeddable":true,"href":"https:\/\/poltsamaal.ee\/raamatukogu\/wp-json\/wp\/v2\/comments?post=11"}],"version-history":[{"count":10,"href":"https:\/\/poltsamaal.ee\/raamatukogu\/wp-json\/wp\/v2\/pages\/11\/revisions"}],"predecessor-version":[{"id":59,"href":"https:\/\/poltsamaal.ee\/raamatukogu\/wp-json\/wp\/v2\/pages\/11\/revisions\/59"}],"wp:attachment":[{"href":"https:\/\/poltsamaal.ee\/raamatukogu\/wp-json\/wp\/v2\/media?parent=11"}],"curies":[{"name":"wp","href":"https:\/\/api.w.org\/{rel}","templated":true}]}}